{"id":3415,"date":"2023-09-26T21:54:31","date_gmt":"2023-09-26T21:54:31","guid":{"rendered":"https:\/\/miro.al\/?page_id=3415"},"modified":"2023-10-09T10:19:33","modified_gmt":"2023-10-09T10:19:33","slug":"historia-jone","status":"publish","type":"page","link":"http:\/\/miro.al\/?page_id=3415","title":{"rendered":"Historia Jone"},"content":{"rendered":"\t\t<div data-elementor-type=\"wp-page\" data-elementor-id=\"3415\" class=\"elementor elementor-3415\">\n\t\t\t\t\t\t\t\t\t<section class=\"elementor-section elementor-top-section elementor-element elementor-element-633ab10 elementor-section-boxed elementor-section-height-default elementor-section-height-default\" data-id=\"633ab10\" data-element_type=\"section\" data-settings=\"{&quot;background_background&quot;:&quot;classic&quot;,&quot;_ha_eqh_enable&quot;:false}\">\n\t\t\t\t\t\t\t<div class=\"elementor-background-overlay\"><\/div>\n\t\t\t\t\t\t\t<div class=\"elementor-container elementor-column-gap-default\">\n\t\t\t\t\t<div class=\"elementor-column elementor-col-100 elementor-top-column elementor-element elementor-element-9a86dea\" data-id=\"9a86dea\" data-element_type=\"column\">\n\t\t\t<div class=\"elementor-widget-wrap elementor-element-populated\">\n\t\t\t\t\t\t\t\t<section class=\"elementor-section elementor-inner-section elementor-element elementor-element-909e805 elementor-section-boxed elementor-section-height-default elementor-section-height-default\" data-id=\"909e805\" data-element_type=\"section\" data-settings=\"{&quot;_ha_eqh_enable&quot;:false}\">\n\t\t\t\t\t\t<div class=\"elementor-container elementor-column-gap-no\">\n\t\t\t\t\t<div class=\"elementor-column elementor-col-66 elementor-inner-column elementor-element elementor-element-6c7c101\" data-id=\"6c7c101\" data-element_type=\"column\">\n\t\t\t<div class=\"elementor-widget-wrap elementor-element-populated\">\n\t\t\t\t\t\t\t\t<div class=\"elementor-element elementor-element-2d2ce5a elementor-widget elementor-widget-ova_heading\" data-id=\"2d2ce5a\" data-element_type=\"widget\" data-widget_type=\"ova_heading.default\">\n\t\t\t\t<div class=\"elementor-widget-container\">\n\t\t\t\t\t\t\t\t<div class=\"ova-heading\">\n\t\t\t\t\t\t\t\t\t\t\t\t\t<h3 class=\"special-heading main-color three_font\">Miro Restaurant<\/h3>\n\t\t\t\t\t\t\t\t\t\t\t\t\t\t\t\t\t\t\t<h2 class=\"special-heading-1 second_font\">Historia Jon\u00eb<\/h2>\n\t\t\t\t\t\t\t\t\t\t\t<\/div>\n\t\t\t\t\t\t<\/div>\n\t\t\t\t<\/div>\n\t\t\t\t<div class=\"elementor-element elementor-element-6060e16 elementor-widget-mobile__width-initial elementor-widget elementor-widget-text-editor\" data-id=\"6060e16\" data-element_type=\"widget\" data-widget_type=\"text-editor.default\">\n\t\t\t\t<div class=\"elementor-widget-container\">\n\t\t\t<style>\/*! elementor - v3.15.0 - 20-08-2023 *\/\n.elementor-widget-text-editor.elementor-drop-cap-view-stacked .elementor-drop-cap{background-color:#69727d;color:#fff}.elementor-widget-text-editor.elementor-drop-cap-view-framed .elementor-drop-cap{color:#69727d;border:3px solid;background-color:transparent}.elementor-widget-text-editor:not(.elementor-drop-cap-view-default) .elementor-drop-cap{margin-top:8px}.elementor-widget-text-editor:not(.elementor-drop-cap-view-default) .elementor-drop-cap-letter{width:1em;height:1em}.elementor-widget-text-editor .elementor-drop-cap{float:left;text-align:center;line-height:1;font-size:50px}.elementor-widget-text-editor .elementor-drop-cap-letter{display:inline-block}<\/style>\t\t\t\t<p><span style=\"color: #ffffff;\">Mir\u00f3 u hap n\u00eb vitin 2020 me d\u00ebshir\u00ebn p\u00ebr t&#8217;i ofruar klient\u00ebve ushqim t\u00eb shijsh\u00ebm dhe t\u00eb sh\u00ebndetsh\u00ebm n\u00eb \u00e7do or\u00eb t\u00eb dit\u00ebs!<\/span><span style=\"color: #ffffff;\">\u00a0Mir\u00f3 \u00ebsht\u00eb n\u00eb nder t\u00eb artistit surrealist Joan Mir\u00f3. Tek ne arti i Mir\u00f3-s kombinohet me ushqimet e shijshme dhe t\u00eb shum\u00ebllojshme. Arti \u00ebsht\u00eb transmetim i ndjenj\u00ebs q\u00eb artisti ka p\u00ebrjetuar nd\u00ebrsa ushqimi ka fuqin\u00eb p\u00ebr t\u00eb bashkuar njer\u00ebzit. Ne i p\u00ebrkthejm\u00eb k\u00ebto vlera n\u00eb produktet dhe mjediset tona n\u00eb m\u00ebnyr\u00eb q\u00eb t&#8217;u ofrojm\u00eb klient\u00ebve tan\u00eb m\u00eb shum\u00eb se nj\u00eb\u00a0<\/span><span style=\"color: #ffffff;\">vakt: nj\u00eb p\u00ebrvoj\u00eb<\/span><\/p>\t\t\t\t\t\t<\/div>\n\t\t\t\t<\/div>\n\t\t\t\t\t<\/div>\n\t\t<\/div>\n\t\t\t\t<div class=\"elementor-column elementor-col-33 elementor-inner-column elementor-element elementor-element-74e0242\" data-id=\"74e0242\" data-element_type=\"column\" data-settings=\"{&quot;background_background&quot;:&quot;classic&quot;}\">\n\t\t\t<div class=\"elementor-widget-wrap elementor-element-populated\">\n\t\t\t\t\t<div class=\"elementor-background-overlay\"><\/div>\n\t\t\t\t\t\t\t\t<div class=\"elementor-element elementor-element-75ce6a9 elementor-widget elementor-widget-ova_reservation_info\" data-id=\"75ce6a9\" data-element_type=\"widget\" data-widget_type=\"ova_reservation_info.default\">\n\t\t\t\t<div class=\"elementor-widget-container\">\n\t\t\t\t\t<div class=\"reservation-section reservation-section-3 map-section\">\n\t\t\t<div class=\"reservation-detail\">\n\t\t\t\t<div class=\"reservation-contact\">\n\t\t\t\t\t<div class=\"contact-info\">\n\t\t\t\t\t\t\t\t\t\t\t\t<h4>Kontakt<\/h4>\n\t\t\t\t\t\t\t\t\t\t\t\t\t\t\t\t\t\t<i class=\"zmdi zmdi-pin-drop address\"><\/i>\n\t\t\t\t\t\t\t\t\t\t\t\t\t\t\t\t\t\t<p class=\"address_info\">Rruga Sheh Ahmet Pazari, Tiran\u00eb 1004<\/p>\n\t\t\t\t\t\t\t\t\t\t\t\t\t\t\t\t\t\t<i class=\"zmdi zmdi-phone phone\"><\/i>\n\t\t\t\t\t\t\t\t\t\t\t\t\t\t\t\t\t\t<a href=\"tel:355697001529\" class=\"contact_phone\">+355 69 700 1529<\/a>\n\t\t\t\t\t\t\t\t\t\t\t<\/div>\n\t\t\t\t<\/div>\n\t\t\t<\/div>\n\t\t<\/div>\n\n\t\t\t<\/div>\n\t\t\t\t<\/div>\n\t\t\t\t<div class=\"elementor-element elementor-element-2e66ae5 elementor-widget elementor-widget-google_maps\" data-id=\"2e66ae5\" data-element_type=\"widget\" data-widget_type=\"google_maps.default\">\n\t\t\t\t<div class=\"elementor-widget-container\">\n\t\t\t<style>\/*! elementor - v3.15.0 - 20-08-2023 *\/\n.elementor-widget-google_maps .elementor-widget-container{overflow:hidden}.elementor-widget-google_maps .elementor-custom-embed{line-height:0}.elementor-widget-google_maps iframe{height:300px}<\/style>\t\t<div class=\"elementor-custom-embed\">\n\t\t\t<iframe loading=\"lazy\"\n\t\t\t\t\tsrc=\"https:\/\/maps.google.com\/maps?q=41.319122%2C19.8261709&#038;t=m&#038;z=17&#038;output=embed&#038;iwloc=near\"\n\t\t\t\t\ttitle=\"41.319122,19.8261709\"\n\t\t\t\t\taria-label=\"41.319122,19.8261709\"\n\t\t\t><\/iframe>\n\t\t<\/div>\n\t\t\t\t<\/div>\n\t\t\t\t<\/div>\n\t\t\t\t\t<\/div>\n\t\t<\/div>\n\t\t\t\t\t\t\t<\/div>\n\t\t<\/section>\n\t\t\t\t\t<\/div>\n\t\t<\/div>\n\t\t\t\t\t\t\t<\/div>\n\t\t<\/section>\n\t\t\t\t\t\t\t<\/div>\n\t\t","protected":false},"excerpt":{"rendered":"<p>Miro Restaurant Historia Jon\u00eb Mir\u00f3 u hap n\u00eb vitin 2020 me d\u00ebshir\u00ebn p\u00ebr t&#8217;i ofruar klient\u00ebve ushqim t\u00eb shijsh\u00ebm dhe t\u00eb sh\u00ebndetsh\u00ebm n\u00eb \u00e7do or\u00eb t\u00eb dit\u00ebs!\u00a0Mir\u00f3 \u00ebsht\u00eb n\u00eb nder t\u00eb artistit surrealist Joan Mir\u00f3. Tek ne arti i Mir\u00f3-s kombinohet me ushqimet e shijshme dhe t\u00eb shum\u00ebllojshme. Arti \u00ebsht\u00eb transmetim i ndjenj\u00ebs q\u00eb artisti [&hellip;]<\/p>\n","protected":false},"author":1,"featured_media":0,"parent":0,"menu_order":0,"comment_status":"closed","ping_status":"closed","template":"elementor_header_footer","meta":{"footnotes":""},"class_list":["post-3415","page","type-page","status-publish","hentry"],"acf":[],"_links":{"self":[{"href":"http:\/\/miro.al\/index.php?rest_route=\/wp\/v2\/pages\/3415","targetHints":{"allow":["GET"]}}],"collection":[{"href":"http:\/\/miro.al\/index.php?rest_route=\/wp\/v2\/pages"}],"about":[{"href":"http:\/\/miro.al\/index.php?rest_route=\/wp\/v2\/types\/page"}],"author":[{"embeddable":true,"href":"http:\/\/miro.al\/index.php?rest_route=\/wp\/v2\/users\/1"}],"replies":[{"embeddable":true,"href":"http:\/\/miro.al\/index.php?rest_route=%2Fwp%2Fv2%2Fcomments&post=3415"}],"version-history":[{"count":46,"href":"http:\/\/miro.al\/index.php?rest_route=\/wp\/v2\/pages\/3415\/revisions"}],"predecessor-version":[{"id":3626,"href":"http:\/\/miro.al\/index.php?rest_route=\/wp\/v2\/pages\/3415\/revisions\/3626"}],"wp:attachment":[{"href":"http:\/\/miro.al\/index.php?rest_route=%2Fwp%2Fv2%2Fmedia&parent=3415"}],"curies":[{"name":"wp","href":"https:\/\/api.w.org\/{rel}","templated":true}]}}